{"id":556,"date":"2024-02-07T01:28:05","date_gmt":"2024-02-07T00:28:05","guid":{"rendered":"http:\/\/stowarzyszeniewenus.pl\/?page_id=556"},"modified":"2025-11-06T12:10:39","modified_gmt":"2025-11-06T11:10:39","slug":"wspolprace","status":"publish","type":"page","link":"http:\/\/stowarzyszeniewenus.pl\/?page_id=556","title":{"rendered":"Wsp\u00f3\u0142praca"},"content":{"rendered":"<figure><a href=\"https:\/\/www.facebook.com\/felkowystryszek.azyl\"><br \/><img fetchpriority=\"high\" decoding=\"async\" src=\"http:\/\/stowarzyszeniewenus.pl\/wp-content\/uploads\/2024\/02\/272627033_4831040490276155_179492898556628701_n-300x293.jpeg\" sizes=\"(max-width: 300px) 100vw, 300px\" srcset=\"http:\/\/stowarzyszeniewenus.pl\/wp-content\/uploads\/2024\/02\/272627033_4831040490276155_179492898556628701_n-300x293.jpeg 300w, http:\/\/stowarzyszeniewenus.pl\/wp-content\/uploads\/2024\/02\/272627033_4831040490276155_179492898556628701_n-61x60.jpeg 61w, http:\/\/stowarzyszeniewenus.pl\/wp-content\/uploads\/2024\/02\/272627033_4831040490276155_179492898556628701_n.jpeg 635w\" alt=\"\" width=\"300\" height=\"293\" \/> <\/a>\n<figcaption>FELKOWY STRYSZEK- SCHRONISKO, MO\u017bNA U NAS ZOSTAWIA\u0106 RZECZY DLA ZWIERZ\u0104T. DARY DLA WENUS Z USTERK\u0104 TRAFIAJ\u0104 W\u0141A\u015aNIE TUTAJ- CZWORONOGOM NIE PRZESZKADZA MA\u0141A DZIURKA CZY PLAMKA. JEST EKOLOGICZNIE, MILUTKO I CIEP\u0141O!<\/figcaption>\n<\/figure>\n<figure><a href=\"https:\/\/www.facebook.com\/swsjatymy\"><br \/><img decoding=\"async\" src=\"http:\/\/stowarzyszeniewenus.pl\/wp-content\/uploads\/2024\/02\/347637164_171834572206585_4816911896051385201_n-300x300.jpeg\" sizes=\"(max-width: 300px) 100vw, 300px\" srcset=\"http:\/\/stowarzyszeniewenus.pl\/wp-content\/uploads\/2024\/02\/347637164_171834572206585_4816911896051385201_n-300x300.jpeg 300w, http:\/\/stowarzyszeniewenus.pl\/wp-content\/uploads\/2024\/02\/347637164_171834572206585_4816911896051385201_n-150x150.jpeg 150w, http:\/\/stowarzyszeniewenus.pl\/wp-content\/uploads\/2024\/02\/347637164_171834572206585_4816911896051385201_n-768x768.jpeg 768w, http:\/\/stowarzyszeniewenus.pl\/wp-content\/uploads\/2024\/02\/347637164_171834572206585_4816911896051385201_n-60x60.jpeg 60w, http:\/\/stowarzyszeniewenus.pl\/wp-content\/uploads\/2024\/02\/347637164_171834572206585_4816911896051385201_n.jpeg 886w\" alt=\"\" width=\"300\" height=\"300\" \/> <\/a>\n<figcaption>JA-TY-MY NASZE WSPARCIE MERYTORYCZNE<\/figcaption>\n<\/figure>\n<figure><a href=\"https:\/\/www.facebook.com\/fs.mlodzi.mlodym\"><br \/><img decoding=\"async\" src=\"http:\/\/stowarzyszeniewenus.pl\/wp-content\/uploads\/2024\/02\/410851625_739803614844335_1804963927246733963_n-300x300.jpeg\" sizes=\"(max-width: 300px) 100vw, 300px\" srcset=\"http:\/\/stowarzyszeniewenus.pl\/wp-content\/uploads\/2024\/02\/410851625_739803614844335_1804963927246733963_n-300x300.jpeg 300w, http:\/\/stowarzyszeniewenus.pl\/wp-content\/uploads\/2024\/02\/410851625_739803614844335_1804963927246733963_n-150x150.jpeg 150w, http:\/\/stowarzyszeniewenus.pl\/wp-content\/uploads\/2024\/02\/410851625_739803614844335_1804963927246733963_n-60x60.jpeg 60w, http:\/\/stowarzyszeniewenus.pl\/wp-content\/uploads\/2024\/02\/410851625_739803614844335_1804963927246733963_n.jpeg 742w\" alt=\"\" width=\"300\" height=\"300\" \/> <\/a>\n<figcaption>M\u0141ODZI M\u0141ODYM- PO\u015aREDNIK W PRZEKAZYWANIU 1,5% PODATKU<\/figcaption>\n<\/figure>\n\n\n<figure class=\"wp-block-image size-large is-resized\"><img loading=\"lazy\" decoding=\"async\" width=\"934\" height=\"934\" src=\"http:\/\/stowarzyszeniewenus.pl\/wp-content\/uploads\/2025\/11\/Projekt-bez-nazwy-7-edited.png\" alt=\"\" class=\"wp-image-694\" style=\"width:433px;height:auto\" srcset=\"http:\/\/stowarzyszeniewenus.pl\/wp-content\/uploads\/2025\/11\/Projekt-bez-nazwy-7-edited.png 934w, http:\/\/stowarzyszeniewenus.pl\/wp-content\/uploads\/2025\/11\/Projekt-bez-nazwy-7-edited-300x300.png 300w, http:\/\/stowarzyszeniewenus.pl\/wp-content\/uploads\/2025\/11\/Projekt-bez-nazwy-7-edited-150x150.png 150w, http:\/\/stowarzyszeniewenus.pl\/wp-content\/uploads\/2025\/11\/Projekt-bez-nazwy-7-edited-768x768.png 768w, http:\/\/stowarzyszeniewenus.pl\/wp-content\/uploads\/2025\/11\/Projekt-bez-nazwy-7-edited-60x60.png 60w\" sizes=\"(max-width: 934px) 100vw, 934px\" \/><\/figure>\n\n\n\n<p>Pomagamy w usamodzielnianiu, wspieramy darami wychowank\u00f3w, organizujemy warsztaty dla najm\u0142odszych i podnosimy kwalifikacje najstarszym. Pomagamy zdoby\u0107 wszystko co potrzebne w start w doros\u0142e \u017cycie!<\/p>\n","protected":false},"excerpt":{"rendered":"<p>FELKOWY STRYSZEK- SCHRONISKO, MO\u017bNA U NAS ZOSTAWIA\u0106 RZECZY DLA ZWIERZ\u0104T. DARY DLA WENUS Z USTERK\u0104 TRAFIAJ\u0104 W\u0141A\u015aNIE TUTAJ- CZWORONOGOM NIE PRZESZKADZA MA\u0141A DZIURKA CZY PLAMKA. JEST EKOLOGICZNIE, MILUTKO I CIEP\u0141O! JA-TY-MY NASZE WSPARCIE MERYTORYCZNE M\u0141ODZI M\u0141ODYM- PO\u015aREDNIK W PRZEKAZYWANIU 1,5% PODATKU Pomagamy w usamodzielnianiu, wspieramy darami wychowank\u00f3w, organizujemy warsztaty dla najm\u0142odszych i podnosimy kwalifikacje najstarszym. Pomagamy zdoby\u0107 wszystko co potrzebne w start w doros\u0142e \u017cycie!<\/p>\n","protected":false},"author":1,"featured_media":0,"parent":0,"menu_order":0,"comment_status":"closed","ping_status":"closed","template":"","meta":{"footnotes":""},"class_list":["post-556","page","type-page","status-publish","hentry","latest_post"],"yoast_head":"<!-- This site is optimized with the Yoast SEO plugin v21.8 - https:\/\/yoast.com\/wordpress\/plugins\/seo\/ -->\n<title>Wsp\u00f3\u0142praca - Stowarzyszenie Wenus Kutno<\/title>\n<meta name=\"description\" content=\"Mamy przyjemno\u015b\u0107 wspiera\u0107 si\u0119 i wsp\u00f3\u0142pracowa\u0107 z innymi organizacjami. Tutaj mo\u017cecie sprawdzi\u0107 przyjaci\u00f3\u0142 Wenus!\" \/>\n<meta name=\"robots\" content=\"index, follow, max-snippet:-1, max-image-preview:large, max-video-preview:-1\" \/>\n<link rel=\"canonical\" href=\"http:\/\/stowarzyszeniewenus.pl\/?page_id=556\" \/>\n<meta property=\"og:locale\" content=\"pl_PL\" \/>\n<meta property=\"og:type\" content=\"article\" \/>\n<meta property=\"og:title\" content=\"Wsp\u00f3\u0142praca - Stowarzyszenie Wenus Kutno\" \/>\n<meta property=\"og:description\" content=\"Mamy przyjemno\u015b\u0107 wspiera\u0107 si\u0119 i wsp\u00f3\u0142pracowa\u0107 z innymi organizacjami. Tutaj mo\u017cecie sprawdzi\u0107 przyjaci\u00f3\u0142 Wenus!\" \/>\n<meta property=\"og:url\" content=\"http:\/\/stowarzyszeniewenus.pl\/?page_id=556\" \/>\n<meta property=\"og:site_name\" content=\"Stowarzyszenie Wenus Kutno\" \/>\n<meta property=\"article:modified_time\" content=\"2025-11-06T11:10:39+00:00\" \/>\n<meta property=\"og:image\" content=\"http:\/\/stowarzyszeniewenus.pl\/wp-content\/uploads\/2024\/02\/272627033_4831040490276155_179492898556628701_n-300x293.jpeg\" \/>\n<meta name=\"twitter:card\" content=\"summary_large_image\" \/>\n<meta name=\"twitter:label1\" content=\"Szacowany czas czytania\" \/>\n\t<meta name=\"twitter:data1\" content=\"2 minuty\" \/>\n<script type=\"application\/ld+json\" class=\"yoast-schema-graph\">{\"@context\":\"https:\/\/schema.org\",\"@graph\":[{\"@type\":\"WebPage\",\"@id\":\"http:\/\/stowarzyszeniewenus.pl\/?page_id=556\",\"url\":\"http:\/\/stowarzyszeniewenus.pl\/?page_id=556\",\"name\":\"Wsp\u00f3\u0142praca - Stowarzyszenie Wenus Kutno\",\"isPartOf\":{\"@id\":\"http:\/\/stowarzyszeniewenus.pl\/#website\"},\"datePublished\":\"2024-02-07T00:28:05+00:00\",\"dateModified\":\"2025-11-06T11:10:39+00:00\",\"description\":\"Mamy przyjemno\u015b\u0107 wspiera\u0107 si\u0119 i wsp\u00f3\u0142pracowa\u0107 z innymi organizacjami. Tutaj mo\u017cecie sprawdzi\u0107 przyjaci\u00f3\u0142 Wenus!\",\"breadcrumb\":{\"@id\":\"http:\/\/stowarzyszeniewenus.pl\/?page_id=556#breadcrumb\"},\"inLanguage\":\"pl-PL\",\"potentialAction\":[{\"@type\":\"ReadAction\",\"target\":[\"http:\/\/stowarzyszeniewenus.pl\/?page_id=556\"]}]},{\"@type\":\"BreadcrumbList\",\"@id\":\"http:\/\/stowarzyszeniewenus.pl\/?page_id=556#breadcrumb\",\"itemListElement\":[{\"@type\":\"ListItem\",\"position\":1,\"name\":\"Home\",\"item\":\"http:\/\/stowarzyszeniewenus.pl\/\"},{\"@type\":\"ListItem\",\"position\":2,\"name\":\"Wsp\u00f3\u0142praca\"}]},{\"@type\":\"WebSite\",\"@id\":\"http:\/\/stowarzyszeniewenus.pl\/#website\",\"url\":\"http:\/\/stowarzyszeniewenus.pl\/\",\"name\":\"Stowarzyszenie Wenus Kutno\",\"description\":\"\",\"publisher\":{\"@id\":\"http:\/\/stowarzyszeniewenus.pl\/#organization\"},\"potentialAction\":[{\"@type\":\"SearchAction\",\"target\":{\"@type\":\"EntryPoint\",\"urlTemplate\":\"http:\/\/stowarzyszeniewenus.pl\/?s={search_term_string}\"},\"query-input\":\"required name=search_term_string\"}],\"inLanguage\":\"pl-PL\"},{\"@type\":\"Organization\",\"@id\":\"http:\/\/stowarzyszeniewenus.pl\/#organization\",\"name\":\"Stowarzyszenie Wenus Kutno\",\"url\":\"http:\/\/stowarzyszeniewenus.pl\/\",\"logo\":{\"@type\":\"ImageObject\",\"inLanguage\":\"pl-PL\",\"@id\":\"http:\/\/stowarzyszeniewenus.pl\/#\/schema\/logo\/image\/\",\"url\":\"http:\/\/stowarzyszeniewenus.pl\/wp-content\/uploads\/2025\/04\/cropped-LOGO-WENUS.png\",\"contentUrl\":\"http:\/\/stowarzyszeniewenus.pl\/wp-content\/uploads\/2025\/04\/cropped-LOGO-WENUS.png\",\"width\":1563,\"height\":1563,\"caption\":\"Stowarzyszenie Wenus Kutno\"},\"image\":{\"@id\":\"http:\/\/stowarzyszeniewenus.pl\/#\/schema\/logo\/image\/\"}}]}<\/script>\n<!-- \/ Yoast SEO plugin. -->","yoast_head_json":{"title":"Wsp\u00f3\u0142praca - Stowarzyszenie Wenus Kutno","description":"Mamy przyjemno\u015b\u0107 wspiera\u0107 si\u0119 i wsp\u00f3\u0142pracowa\u0107 z innymi organizacjami. Tutaj mo\u017cecie sprawdzi\u0107 przyjaci\u00f3\u0142 Wenus!","robots":{"index":"index","follow":"follow","max-snippet":"max-snippet:-1","max-image-preview":"max-image-preview:large","max-video-preview":"max-video-preview:-1"},"canonical":"http:\/\/stowarzyszeniewenus.pl\/?page_id=556","og_locale":"pl_PL","og_type":"article","og_title":"Wsp\u00f3\u0142praca - Stowarzyszenie Wenus Kutno","og_description":"Mamy przyjemno\u015b\u0107 wspiera\u0107 si\u0119 i wsp\u00f3\u0142pracowa\u0107 z innymi organizacjami. Tutaj mo\u017cecie sprawdzi\u0107 przyjaci\u00f3\u0142 Wenus!","og_url":"http:\/\/stowarzyszeniewenus.pl\/?page_id=556","og_site_name":"Stowarzyszenie Wenus Kutno","article_modified_time":"2025-11-06T11:10:39+00:00","og_image":[{"url":"http:\/\/stowarzyszeniewenus.pl\/wp-content\/uploads\/2024\/02\/272627033_4831040490276155_179492898556628701_n-300x293.jpeg"}],"twitter_card":"summary_large_image","twitter_misc":{"Szacowany czas czytania":"2 minuty"},"schema":{"@context":"https:\/\/schema.org","@graph":[{"@type":"WebPage","@id":"http:\/\/stowarzyszeniewenus.pl\/?page_id=556","url":"http:\/\/stowarzyszeniewenus.pl\/?page_id=556","name":"Wsp\u00f3\u0142praca - Stowarzyszenie Wenus Kutno","isPartOf":{"@id":"http:\/\/stowarzyszeniewenus.pl\/#website"},"datePublished":"2024-02-07T00:28:05+00:00","dateModified":"2025-11-06T11:10:39+00:00","description":"Mamy przyjemno\u015b\u0107 wspiera\u0107 si\u0119 i wsp\u00f3\u0142pracowa\u0107 z innymi organizacjami. Tutaj mo\u017cecie sprawdzi\u0107 przyjaci\u00f3\u0142 Wenus!","breadcrumb":{"@id":"http:\/\/stowarzyszeniewenus.pl\/?page_id=556#breadcrumb"},"inLanguage":"pl-PL","potentialAction":[{"@type":"ReadAction","target":["http:\/\/stowarzyszeniewenus.pl\/?page_id=556"]}]},{"@type":"BreadcrumbList","@id":"http:\/\/stowarzyszeniewenus.pl\/?page_id=556#breadcrumb","itemListElement":[{"@type":"ListItem","position":1,"name":"Home","item":"http:\/\/stowarzyszeniewenus.pl\/"},{"@type":"ListItem","position":2,"name":"Wsp\u00f3\u0142praca"}]},{"@type":"WebSite","@id":"http:\/\/stowarzyszeniewenus.pl\/#website","url":"http:\/\/stowarzyszeniewenus.pl\/","name":"Stowarzyszenie Wenus Kutno","description":"","publisher":{"@id":"http:\/\/stowarzyszeniewenus.pl\/#organization"},"potentialAction":[{"@type":"SearchAction","target":{"@type":"EntryPoint","urlTemplate":"http:\/\/stowarzyszeniewenus.pl\/?s={search_term_string}"},"query-input":"required name=search_term_string"}],"inLanguage":"pl-PL"},{"@type":"Organization","@id":"http:\/\/stowarzyszeniewenus.pl\/#organization","name":"Stowarzyszenie Wenus Kutno","url":"http:\/\/stowarzyszeniewenus.pl\/","logo":{"@type":"ImageObject","inLanguage":"pl-PL","@id":"http:\/\/stowarzyszeniewenus.pl\/#\/schema\/logo\/image\/","url":"http:\/\/stowarzyszeniewenus.pl\/wp-content\/uploads\/2025\/04\/cropped-LOGO-WENUS.png","contentUrl":"http:\/\/stowarzyszeniewenus.pl\/wp-content\/uploads\/2025\/04\/cropped-LOGO-WENUS.png","width":1563,"height":1563,"caption":"Stowarzyszenie Wenus Kutno"},"image":{"@id":"http:\/\/stowarzyszeniewenus.pl\/#\/schema\/logo\/image\/"}}]}},"_links":{"self":[{"href":"http:\/\/stowarzyszeniewenus.pl\/index.php?rest_route=\/wp\/v2\/pages\/556","targetHints":{"allow":["GET"]}}],"collection":[{"href":"http:\/\/stowarzyszeniewenus.pl\/index.php?rest_route=\/wp\/v2\/pages"}],"about":[{"href":"http:\/\/stowarzyszeniewenus.pl\/index.php?rest_route=\/wp\/v2\/types\/page"}],"author":[{"embeddable":true,"href":"http:\/\/stowarzyszeniewenus.pl\/index.php?rest_route=\/wp\/v2\/users\/1"}],"replies":[{"embeddable":true,"href":"http:\/\/stowarzyszeniewenus.pl\/index.php?rest_route=%2Fwp%2Fv2%2Fcomments&post=556"}],"version-history":[{"count":12,"href":"http:\/\/stowarzyszeniewenus.pl\/index.php?rest_route=\/wp\/v2\/pages\/556\/revisions"}],"predecessor-version":[{"id":695,"href":"http:\/\/stowarzyszeniewenus.pl\/index.php?rest_route=\/wp\/v2\/pages\/556\/revisions\/695"}],"wp:attachment":[{"href":"http:\/\/stowarzyszeniewenus.pl\/index.php?rest_route=%2Fwp%2Fv2%2Fmedia&parent=556"}],"curies":[{"name":"wp","href":"https:\/\/api.w.org\/{rel}","templated":true}]}}